{"id":9597,"date":"2022-09-02T20:16:53","date_gmt":"2022-09-02T18:16:53","guid":{"rendered":"https:\/\/bolori.es\/producto\/mb2011ss1w01\/"},"modified":"2022-09-02T20:16:53","modified_gmt":"2022-09-02T18:16:53","slug":"mb2011ss1w01","status":"publish","type":"product","link":"https:\/\/bolori.es\/en\/producto\/mb2011ss1w01\/","title":{"rendered":"MB2011SS1W01"},"content":{"rendered":"<table class=\"specs-table\">\n<tbody>\n<tr id=\"pdp_specs_SpecList[0]\">\n<td class=\"attr-col\"><label for=\"SpecList_chkbox_Manufacturer:NKK_Switches\">Manufacturer:<\/label><\/td>\n<td class=\"attr-value-col\">NKK Switches<\/td>\n<td class=\"text-center checkbox-col hidden-xs\"><input id=\"SpecList_chkbox_Manufacturer:NKK_Switches\" class=\"find-similar\" name=\"SpecList[0].Selected\" type=\"checkbox\" value=\"true\" aria-label=\"Fabricante: NKK Switches\" data-val=\"true\" data-val-required=\"The Selected field is required.\"><\/td>\n<\/tr>\n<tr id=\"pdp_specs_SpecList[1]\">\n<td class=\"attr-col\"><label for=\"SpecList_chkbox_Product_Class_Name:Pulsadores\">Product category:<\/label><\/td>\n<td class=\"attr-value-col\">Push buttons<\/td>\n<td class=\"text-center checkbox-col hidden-xs\"><input id=\"SpecList_chkbox_Product_Class_Name:Pulsadores\" class=\"find-similar\" checked name=\"SpecList[1].Selected\" type=\"checkbox\" value=\"true\" aria-label=\"Categor\u00eda de producto: Pulsadores\" data-val=\"true\" data-val-required=\"The Selected field is required.\"><\/td>\n<\/tr>\n<tr id=\"pdp_specs_SpecList[2]\">\n<td class=\"attr-col\">RoHS:<\/td>\n<td class=\"attr-value-col\"><i class=\"fa fa-2x fa-m-rohs rohsIconGreen\"><\/i> <a id=\"rohsCompliantByExemptionPopupLink\" class=\"spec-rohs\" href=\"https:\/\/www.mouser.es\/Search\/CompliantByExemption?qs=C3LFdGkK3SzmKimnNGg25w%3d%3d\" target=\"_blank\" rel=\"nofollow noopener\" aria-label=\"M\u00e1s informaci\u00f3n acerca de la restricci\u00f3n del uso de sustancias peligrosas.\">Details<\/a><\/td>\n<td class=\"text-center checkbox-col hidden-xs\"><\/td>\n<\/tr>\n<tr id=\"pdp_specs_SpecList[3]\">\n<td class=\"attr-col\"><label for=\"SpecList_chkbox_Series:MB2000\">Series:<\/label><\/td>\n<td class=\"attr-value-col\"><a id=\"lnkSpecSeries\" href=\"https:\/\/www.mouser.es\/c\/electromechanical\/switches\/pushbutton-switches\/?m=NKK%20Switches&amp;series=MB2000\">MB2000<\/a><\/td>\n<td class=\"text-center checkbox-col hidden-xs\"><input id=\"SpecList_chkbox_Series:MB2000\" class=\"find-similar\" name=\"SpecList[3].Selected\" type=\"checkbox\" value=\"true\" aria-label=\"Serie: MB2000\" data-val=\"true\" data-val-required=\"The Selected field is required.\"><\/td>\n<\/tr>\n<tr id=\"pdp_specs_SpecList[4]\">\n<td class=\"attr-col\"><label for=\"SpecList_chkbox_Product:Standard_Switches\">Product:<\/label><\/td>\n<td class=\"attr-value-col\">Standard Switches<\/td>\n<td class=\"text-center checkbox-col hidden-xs\"><input id=\"SpecList_chkbox_Product:Standard_Switches\" class=\"find-similar\" name=\"SpecList[4].Selected\" type=\"checkbox\" value=\"true\" aria-label=\"Producto: Standard Switches\" data-val=\"true\" data-val-required=\"The Selected field is required.\"><\/td>\n<\/tr>\n<tr id=\"pdp_specs_SpecList[5]\">\n<td class=\"attr-col\"><label for=\"SpecList_chkbox_Type:Sealed\">Type:<\/label><\/td>\n<td class=\"attr-value-col\">Sealed<\/td>\n<td class=\"text-center checkbox-col hidden-xs\"><input id=\"SpecList_chkbox_Type:Sealed\" class=\"find-similar\" name=\"SpecList[5].Selected\" type=\"checkbox\" value=\"true\" aria-label=\"Tipo: Sealed\" data-val=\"true\" data-val-required=\"The Selected field is required.\"><\/td>\n<\/tr>\n<tr id=\"pdp_specs_SpecList[6]\">\n<td class=\"attr-col\"><label for=\"SpecList_chkbox_Illuminated:Non-Illuminated\">Illuminated:<\/label><\/td>\n<td class=\"attr-value-col\">Non-Illuminated<\/td>\n<td class=\"text-center checkbox-col hidden-xs\"><input id=\"SpecList_chkbox_Illuminated:Non-Illuminated\" class=\"find-similar\" name=\"SpecList[6].Selected\" type=\"checkbox\" value=\"true\" aria-label=\"Iluminado: Non-Illuminated\" data-val=\"true\" data-val-required=\"The Selected field is required.\"><\/td>\n<\/tr>\n<tr id=\"pdp_specs_SpecList[7]\">\n<td class=\"attr-col\"><label for=\"SpecList_chkbox_Contact_Form:SPDT\">Contact form:<\/label><\/td>\n<td class=\"attr-value-col\">SPDT<\/td>\n<td class=\"text-center checkbox-col hidden-xs\"><input id=\"SpecList_chkbox_Contact_Form:SPDT\" class=\"find-similar\" name=\"SpecList[7].Selected\" type=\"checkbox\" value=\"true\" aria-label=\"Forma de contacto: SPDT\" data-val=\"true\" data-val-required=\"The Selected field is required.\"><\/td>\n<\/tr>\n<tr id=\"pdp_specs_SpecList[8]\">\n<td class=\"attr-col\"><label for=\"SpecList_chkbox_Mounting_Style:Bushing_Mount\">Mounting style:<\/label><\/td>\n<td class=\"attr-value-col\">Bushing Mount<\/td>\n<td class=\"text-center checkbox-col hidden-xs\"><input id=\"SpecList_chkbox_Mounting_Style:Bushing_Mount\" class=\"find-similar\" name=\"SpecList[8].Selected\" type=\"checkbox\" value=\"true\" aria-label=\"Estilo de montaje: Bushing Mount\" data-val=\"true\" data-val-required=\"The Selected field is required.\"><\/td>\n<\/tr>\n<tr id=\"pdp_specs_SpecList[9]\">\n<td class=\"attr-col\"><label for=\"SpecList_chkbox_Switch_Function:ON_-_(ON)\">Switching function:<\/label><\/td>\n<td class=\"attr-value-col\">ON &#8211; (ON)<\/td>\n<td class=\"text-center checkbox-col hidden-xs\"><input id=\"SpecList_chkbox_Switch_Function:ON_-_(ON)\" class=\"find-similar\" name=\"SpecList[9].Selected\" type=\"checkbox\" value=\"true\" aria-label=\"Funci\u00f3n de conmutaci\u00f3n: ON - (ON)\" data-val=\"true\" data-val-required=\"The Selected field is required.\"><\/td>\n<\/tr>\n<tr id=\"pdp_specs_SpecList[10]\">\n<td class=\"attr-col\"><label for=\"SpecList_chkbox_Lamp_Type:-\">Lamp type:<\/label><\/td>\n<td class=\"attr-value-col\">&#8211;<\/td>\n<td class=\"text-center checkbox-col hidden-xs\"><input id=\"SpecList_chkbox_Lamp_Type:-\" class=\"find-similar\" name=\"SpecList[10].Selected\" type=\"checkbox\" value=\"true\" aria-label=\"Tipo de l\u00e1mpara: -\" data-val=\"true\" data-val-required=\"The Selected field is required.\"><\/td>\n<\/tr>\n<tr id=\"pdp_specs_SpecList[11]\">\n<td class=\"attr-col\"><label for=\"SpecList_chkbox_Actuator:Plunger\">Actuator:<\/label><\/td>\n<td class=\"attr-value-col\">Plunger<\/td>\n<td class=\"text-center checkbox-col hidden-xs\"><input id=\"SpecList_chkbox_Actuator:Plunger\" class=\"find-similar\" name=\"SpecList[11].Selected\" type=\"checkbox\" value=\"true\" aria-label=\"Actuador: Plunger\" data-val=\"true\" data-val-required=\"The Selected field is required.\"><\/td>\n<\/tr>\n<tr id=\"pdp_specs_SpecList[12]\">\n<td class=\"attr-col\"><label for=\"SpecList_chkbox_Current_Rating:6_A\">Current rating:<\/label><\/td>\n<td class=\"attr-value-col\">6 A<\/td>\n<td class=\"text-center checkbox-col hidden-xs\"><input id=\"SpecList_chkbox_Current_Rating:6_A\" class=\"find-similar\" name=\"SpecList[12].Selected\" type=\"checkbox\" value=\"true\" aria-label=\"Valor de corriente: 6 A\" data-val=\"true\" data-val-required=\"The Selected field is required.\"><\/td>\n<\/tr>\n<tr id=\"pdp_specs_SpecList[13]\">\n<td class=\"attr-col\"><label for=\"SpecList_chkbox_Voltage_Rating_AC:250_VAC\">Maximum AC voltage:<\/label><\/td>\n<td class=\"attr-value-col\">250 VAC<\/td>\n<td class=\"text-center checkbox-col hidden-xs\"><input id=\"SpecList_chkbox_Voltage_Rating_AC:250_VAC\" class=\"find-similar\" name=\"SpecList[13].Selected\" type=\"checkbox\" value=\"true\" aria-label=\"Voltaje m\u00e1ximo AC: 250 VAC\" data-val=\"true\" data-val-required=\"The Selected field is required.\"><\/td>\n<\/tr>\n<tr id=\"pdp_specs_SpecList[14]\">\n<td class=\"attr-col\"><label for=\"SpecList_chkbox_Termination_Style:Solder_Lug\">Termination style:<\/label><\/td>\n<td class=\"attr-value-col\">Solder Lug<\/td>\n<td class=\"text-center checkbox-col hidden-xs\"><input id=\"SpecList_chkbox_Termination_Style:Solder_Lug\" class=\"find-similar\" name=\"SpecList[14].Selected\" type=\"checkbox\" value=\"true\" aria-label=\"Estilo de terminaci\u00f3n: Solder Lug\" data-val=\"true\" data-val-required=\"The Selected field is required.\"><\/td>\n<\/tr>\n<tr id=\"pdp_specs_SpecList[15]\">\n<td class=\"attr-col\"><label for=\"SpecList_chkbox_Contact_Plating:Silver\">Contact coating:<\/label><\/td>\n<td class=\"attr-value-col\">Silver<\/td>\n<td class=\"text-center checkbox-col hidden-xs\"><input id=\"SpecList_chkbox_Contact_Plating:Silver\" class=\"find-similar\" name=\"SpecList[15].Selected\" type=\"checkbox\" value=\"true\" aria-label=\"Recubrimiento del contacto: Silver\" data-val=\"true\" data-val-required=\"The Selected field is required.\"><\/td>\n<\/tr>\n<tr id=\"pdp_specs_SpecList[16]\">\n<td class=\"attr-col\">Actuator model:<\/td>\n<td class=\"attr-value-col\">Without Cap<\/td>\n<td class=\"text-center checkbox-col hidden-xs\"><\/td>\n<\/tr>\n<tr id=\"pdp_specs_SpecList[17]\">\n<td class=\"attr-col\">Brand:<\/td>\n<td class=\"attr-value-col\">NKK Switches<\/td>\n<td class=\"text-center checkbox-col hidden-xs\"><\/td>\n<\/tr>\n<tr id=\"pdp_specs_SpecList[18]\">\n<td class=\"attr-col\">Features:<\/td>\n<td class=\"attr-value-col\">Button\/cap ordered separately<\/td>\n<td class=\"text-center checkbox-col hidden-xs\"><\/td>\n<\/tr>\n<tr id=\"pdp_specs_SpecList[19]\">\n<td class=\"attr-col\">Maximum flammability:<\/td>\n<td class=\"attr-value-col\">UL 94 V-0<\/td>\n<td class=\"text-center checkbox-col hidden-xs\"><\/td>\n<\/tr>\n<tr id=\"pdp_specs_SpecList[20]\">\n<td class=\"attr-col\">Housing material:<\/td>\n<td class=\"attr-value-col\">Diallyl Phthalate Resin<\/td>\n<td class=\"text-center checkbox-col hidden-xs\"><\/td>\n<\/tr>\n<tr id=\"pdp_specs_SpecList[21]\">\n<td class=\"attr-col\">Lighting:<\/td>\n<td class=\"attr-value-col\">Non-Illuminated<\/td>\n<td class=\"text-center checkbox-col hidden-xs\"><\/td>\n<\/tr>\n<tr id=\"pdp_specs_SpecList[22]\">\n<td class=\"attr-col\">Life:<\/td>\n<td class=\"attr-value-col\">50000 Cycles<\/td>\n<td class=\"text-center checkbox-col hidden-xs\"><\/td>\n<\/tr>\n<tr id=\"pdp_specs_SpecList[23]\">\n<td class=\"attr-col\">Product Type:<\/td>\n<td class=\"attr-value-col\">Pushbutton Switches<\/td>\n<td class=\"text-center checkbox-col hidden-xs\"><\/td>\n<\/tr>\n<tr id=\"pdp_specs_SpecList[24]\">\n<td class=\"attr-col\"><button id=\"factoryPackQtyPopupLink\" class=\"hidden-for-nojs btn btn-link factoryPackQtyButton\" type=\"button\" data-toggle=\"modal\" data-target=\"#factoryPackQtyModal\" aria-label=\"Cantidad del paquete de f\u00e1brica\">Factory Pack Quantity:<\/button><\/td>\n<td class=\"attr-value-col\">1<\/td>\n<td class=\"text-center checkbox-col hidden-xs\"><\/td>\n<\/tr>\n<tr id=\"pdp_specs_SpecList[25]\">\n<td class=\"attr-col\">Subcategory:<\/td>\n<td class=\"attr-value-col\">Switches<\/td>\n<td class=\"text-center checkbox-col hidden-xs\"><\/td>\n<\/tr>\n<tr id=\"pdp_specs_SpecList[26]\">\n<td class=\"attr-col\">End seal:<\/td>\n<td class=\"attr-value-col\">Epoxy<\/td>\n<td class=\"text-center checkbox-col hidden-xs\"><\/td>\n<\/tr>\n<tr id=\"pdp_specs_SpecList[27]\">\n<td class=\"attr-col\">Part Alias #:<\/td>\n<td class=\"attr-value-col\">MB-2011NSS1<\/td>\n<td class=\"text-center checkbox-col hidden-xs\"><\/td>\n<\/tr>\n<tr id=\"pdp_specs_SpecList[28]\">\n<td class=\"attr-col\">Unit weight:<\/td>\n<td class=\"attr-value-col\">6,800 g<\/td>\n<\/tr>\n<\/tbody>\n<\/table>\n","protected":false},"excerpt":{"rendered":"<p>Manufacturer: NKK Switches Product category: Push buttons RoHS: Details Series: MB2000 Product: Standard Switches Type: Sealed Illuminated: Non-Illuminated Contact form: SPDT Mounting style: Bushing Mount Switching function: ON &#8211; (ON) Lamp type: &#8211; Actuator: Plunger Current rating: 6 A Maximum AC voltage: 250 VAC Termination style: Solder Lug Contact coating: Silver Actuator model: Without Cap [&hellip;]<\/p>\n","protected":false},"featured_media":3179,"comment_status":"closed","ping_status":"closed","template":"","meta":[],"product_brand":[],"product_cat":[46],"product_tag":[],"class_list":{"0":"post-9597","1":"product","2":"type-product","3":"status-publish","4":"has-post-thumbnail","6":"product_cat-accessories","8":"first","9":"instock","10":"sale","11":"taxable","12":"shipping-taxable","13":"purchasable","14":"product-type-simple"},"yoast_head":"<!-- This site is optimized with the Yoast SEO Premium plugin v26.6 (Yoast SEO v27.4) - https:\/\/yoast.com\/product\/yoast-seo-premium-wordpress\/ -->\n<title>MB2011SS1W01 - BOLORI - SIMAGIC<\/title>\n<meta name=\"robots\" content=\"index, follow, max-snippet:-1, max-image-preview:large, max-video-preview:-1\" \/>\n<link rel=\"canonical\" href=\"https:\/\/bolori.es\/en\/producto\/mb2011ss1w01\/\" \/>\n<meta property=\"og:locale\" content=\"en_US\" \/>\n<meta property=\"og:type\" content=\"article\" \/>\n<meta property=\"og:title\" content=\"MB2011SS1W01\" \/>\n<meta property=\"og:description\" content=\"Manufacturer: NKK Switches Product category: Push buttons RoHS: Details Series: MB2000 Product: Standard Switches Type: Sealed Illuminated: Non-Illuminated Contact form: SPDT Mounting style: Bushing Mount Switching function: ON &#8211; (ON) Lamp type: &#8211; Actuator: Plunger Current rating: 6 A Maximum AC voltage: 250 VAC Termination style: Solder Lug Contact coating: Silver Actuator model: Without Cap [&hellip;]\" \/>\n<meta property=\"og:url\" content=\"https:\/\/bolori.es\/en\/producto\/mb2011ss1w01\/\" \/>\n<meta property=\"og:site_name\" content=\"BOLORI - SIMAGIC\" \/>\n<meta property=\"article:publisher\" content=\"https:\/\/www.facebook.com\/bolori\" \/>\n<meta name=\"twitter:card\" content=\"summary_large_image\" \/>\n<meta name=\"twitter:site\" content=\"@bolori\" \/>\n<meta name=\"twitter:label1\" content=\"Price\" \/>\n\t<meta name=\"twitter:data1\" content=\"4.99&euro;\" \/>\n\t<meta name=\"twitter:label2\" content=\"Availability\" \/>\n\t<meta name=\"twitter:data2\" content=\"In stock\" \/>\n<script type=\"application\/ld+json\" class=\"yoast-schema-graph\">{\"@context\":\"https:\\\/\\\/schema.org\",\"@graph\":[{\"@type\":\"WebPage\",\"@id\":\"https:\\\/\\\/bolori.es\\\/en\\\/producto\\\/mb2011ss1w01\\\/\",\"url\":\"https:\\\/\\\/bolori.es\\\/en\\\/producto\\\/mb2011ss1w01\\\/\",\"name\":\"MB2011SS1W01 - BOLORI - SIMAGIC\",\"isPartOf\":{\"@id\":\"https:\\\/\\\/bolori.es\\\/en\\\/#website\"},\"primaryImageOfPage\":{\"@id\":\"https:\\\/\\\/bolori.es\\\/en\\\/producto\\\/mb2011ss1w01\\\/#primaryimage\"},\"image\":{\"@id\":\"https:\\\/\\\/bolori.es\\\/en\\\/producto\\\/mb2011ss1w01\\\/#primaryimage\"},\"thumbnailUrl\":\"https:\\\/\\\/bolori.es\\\/wp-content\\\/uploads\\\/2022\\\/09\\\/MB2011SS1W01.png\",\"datePublished\":\"2022-09-02T18:16:53+00:00\",\"breadcrumb\":{\"@id\":\"https:\\\/\\\/bolori.es\\\/en\\\/producto\\\/mb2011ss1w01\\\/#breadcrumb\"},\"inLanguage\":\"en-US\",\"potentialAction\":[{\"@type\":\"ReadAction\",\"target\":[\"https:\\\/\\\/bolori.es\\\/en\\\/producto\\\/mb2011ss1w01\\\/\"]}]},{\"@type\":\"ImageObject\",\"inLanguage\":\"en-US\",\"@id\":\"https:\\\/\\\/bolori.es\\\/en\\\/producto\\\/mb2011ss1w01\\\/#primaryimage\",\"url\":\"https:\\\/\\\/bolori.es\\\/wp-content\\\/uploads\\\/2022\\\/09\\\/MB2011SS1W01.png\",\"contentUrl\":\"https:\\\/\\\/bolori.es\\\/wp-content\\\/uploads\\\/2022\\\/09\\\/MB2011SS1W01.png\",\"width\":534,\"height\":594,\"caption\":\"NKK Buttons MB2011SS1W01\"},{\"@type\":\"BreadcrumbList\",\"@id\":\"https:\\\/\\\/bolori.es\\\/en\\\/producto\\\/mb2011ss1w01\\\/#breadcrumb\",\"itemListElement\":[{\"@type\":\"ListItem\",\"position\":1,\"name\":\"Inicio\",\"item\":\"https:\\\/\\\/bolori.es\\\/en\\\/\"},{\"@type\":\"ListItem\",\"position\":2,\"name\":\"Shop\",\"item\":\"https:\\\/\\\/bolori.es\\\/en\\\/shop\\\/\"},{\"@type\":\"ListItem\",\"position\":3,\"name\":\"Accessories\",\"item\":\"https:\\\/\\\/bolori.es\\\/en\\\/categoria-producto\\\/accessories\\\/\"},{\"@type\":\"ListItem\",\"position\":4,\"name\":\"MB2011SS1W01\"}]},{\"@type\":\"WebSite\",\"@id\":\"https:\\\/\\\/bolori.es\\\/en\\\/#website\",\"url\":\"https:\\\/\\\/bolori.es\\\/en\\\/\",\"name\":\"BOLORI - SIMAGIC - Tienda Simracing\",\"description\":\"DISTRIBUIDOR OFICIAL SIMAGIC Y SIMNET EN EUROPA\",\"publisher\":{\"@id\":\"https:\\\/\\\/bolori.es\\\/en\\\/#organization\"},\"potentialAction\":[{\"@type\":\"SearchAction\",\"target\":{\"@type\":\"EntryPoint\",\"urlTemplate\":\"https:\\\/\\\/bolori.es\\\/en\\\/?s={search_term_string}\"},\"query-input\":{\"@type\":\"PropertyValueSpecification\",\"valueRequired\":true,\"valueName\":\"search_term_string\"}}],\"inLanguage\":\"en-US\"},{\"@type\":\"Organization\",\"@id\":\"https:\\\/\\\/bolori.es\\\/en\\\/#organization\",\"name\":\"BOLORI\",\"url\":\"https:\\\/\\\/bolori.es\\\/en\\\/\",\"logo\":{\"@type\":\"ImageObject\",\"inLanguage\":\"en-US\",\"@id\":\"https:\\\/\\\/bolori.es\\\/en\\\/#\\\/schema\\\/logo\\\/image\\\/\",\"url\":\"https:\\\/\\\/bolori.es\\\/wp-content\\\/uploads\\\/2021\\\/07\\\/favicon.png\",\"contentUrl\":\"https:\\\/\\\/bolori.es\\\/wp-content\\\/uploads\\\/2021\\\/07\\\/favicon.png\",\"width\":512,\"height\":512,\"caption\":\"BOLORI\"},\"image\":{\"@id\":\"https:\\\/\\\/bolori.es\\\/en\\\/#\\\/schema\\\/logo\\\/image\\\/\"},\"sameAs\":[\"https:\\\/\\\/www.facebook.com\\\/bolori\",\"https:\\\/\\\/x.com\\\/bolori\",\"https:\\\/\\\/www.instagram.com\\\/bolori\\\/\"]}]}<\/script>\n<meta property=\"product:price:amount\" content=\"4.99\" \/>\n<meta property=\"product:price:currency\" content=\"EUR\" \/>\n<meta property=\"og:availability\" content=\"instock\" \/>\n<meta property=\"product:availability\" content=\"instock\" \/>\n<meta property=\"product:condition\" content=\"new\" \/>\n<!-- \/ Yoast SEO Premium plugin. -->","yoast_head_json":{"title":"MB2011SS1W01 - BOLORI - SIMAGIC","robots":{"index":"index","follow":"follow","max-snippet":"max-snippet:-1","max-image-preview":"max-image-preview:large","max-video-preview":"max-video-preview:-1"},"canonical":"https:\/\/bolori.es\/en\/producto\/mb2011ss1w01\/","og_locale":"en_US","og_type":"article","og_title":"MB2011SS1W01","og_description":"Manufacturer: NKK Switches Product category: Push buttons RoHS: Details Series: MB2000 Product: Standard Switches Type: Sealed Illuminated: Non-Illuminated Contact form: SPDT Mounting style: Bushing Mount Switching function: ON &#8211; (ON) Lamp type: &#8211; Actuator: Plunger Current rating: 6 A Maximum AC voltage: 250 VAC Termination style: Solder Lug Contact coating: Silver Actuator model: Without Cap [&hellip;]","og_url":"https:\/\/bolori.es\/en\/producto\/mb2011ss1w01\/","og_site_name":"BOLORI - SIMAGIC","article_publisher":"https:\/\/www.facebook.com\/bolori","twitter_card":"summary_large_image","twitter_site":"@bolori","twitter_misc":{"Price":"4.99&euro;","Availability":"In stock"},"schema":{"@context":"https:\/\/schema.org","@graph":[{"@type":"WebPage","@id":"https:\/\/bolori.es\/en\/producto\/mb2011ss1w01\/","url":"https:\/\/bolori.es\/en\/producto\/mb2011ss1w01\/","name":"MB2011SS1W01 - BOLORI - SIMAGIC","isPartOf":{"@id":"https:\/\/bolori.es\/en\/#website"},"primaryImageOfPage":{"@id":"https:\/\/bolori.es\/en\/producto\/mb2011ss1w01\/#primaryimage"},"image":{"@id":"https:\/\/bolori.es\/en\/producto\/mb2011ss1w01\/#primaryimage"},"thumbnailUrl":"https:\/\/bolori.es\/wp-content\/uploads\/2022\/09\/MB2011SS1W01.png","datePublished":"2022-09-02T18:16:53+00:00","breadcrumb":{"@id":"https:\/\/bolori.es\/en\/producto\/mb2011ss1w01\/#breadcrumb"},"inLanguage":"en-US","potentialAction":[{"@type":"ReadAction","target":["https:\/\/bolori.es\/en\/producto\/mb2011ss1w01\/"]}]},{"@type":"ImageObject","inLanguage":"en-US","@id":"https:\/\/bolori.es\/en\/producto\/mb2011ss1w01\/#primaryimage","url":"https:\/\/bolori.es\/wp-content\/uploads\/2022\/09\/MB2011SS1W01.png","contentUrl":"https:\/\/bolori.es\/wp-content\/uploads\/2022\/09\/MB2011SS1W01.png","width":534,"height":594,"caption":"NKK Buttons MB2011SS1W01"},{"@type":"BreadcrumbList","@id":"https:\/\/bolori.es\/en\/producto\/mb2011ss1w01\/#breadcrumb","itemListElement":[{"@type":"ListItem","position":1,"name":"Inicio","item":"https:\/\/bolori.es\/en\/"},{"@type":"ListItem","position":2,"name":"Shop","item":"https:\/\/bolori.es\/en\/shop\/"},{"@type":"ListItem","position":3,"name":"Accessories","item":"https:\/\/bolori.es\/en\/categoria-producto\/accessories\/"},{"@type":"ListItem","position":4,"name":"MB2011SS1W01"}]},{"@type":"WebSite","@id":"https:\/\/bolori.es\/en\/#website","url":"https:\/\/bolori.es\/en\/","name":"BOLORI - SIMAGIC - Tienda Simracing","description":"DISTRIBUIDOR OFICIAL SIMAGIC Y SIMNET EN EUROPA","publisher":{"@id":"https:\/\/bolori.es\/en\/#organization"},"potentialAction":[{"@type":"SearchAction","target":{"@type":"EntryPoint","urlTemplate":"https:\/\/bolori.es\/en\/?s={search_term_string}"},"query-input":{"@type":"PropertyValueSpecification","valueRequired":true,"valueName":"search_term_string"}}],"inLanguage":"en-US"},{"@type":"Organization","@id":"https:\/\/bolori.es\/en\/#organization","name":"BOLORI","url":"https:\/\/bolori.es\/en\/","logo":{"@type":"ImageObject","inLanguage":"en-US","@id":"https:\/\/bolori.es\/en\/#\/schema\/logo\/image\/","url":"https:\/\/bolori.es\/wp-content\/uploads\/2021\/07\/favicon.png","contentUrl":"https:\/\/bolori.es\/wp-content\/uploads\/2021\/07\/favicon.png","width":512,"height":512,"caption":"BOLORI"},"image":{"@id":"https:\/\/bolori.es\/en\/#\/schema\/logo\/image\/"},"sameAs":["https:\/\/www.facebook.com\/bolori","https:\/\/x.com\/bolori","https:\/\/www.instagram.com\/bolori\/"]}]},"product_price_amount":"4.99","product_price_currency":"EUR","og_availability":"instock","product_availability":"instock","product_condition":"new"},"_links":{"self":[{"href":"https:\/\/bolori.es\/en\/wp-json\/wp\/v2\/product\/9597","targetHints":{"allow":["GET"]}}],"collection":[{"href":"https:\/\/bolori.es\/en\/wp-json\/wp\/v2\/product"}],"about":[{"href":"https:\/\/bolori.es\/en\/wp-json\/wp\/v2\/types\/product"}],"replies":[{"embeddable":true,"href":"https:\/\/bolori.es\/en\/wp-json\/wp\/v2\/comments?post=9597"}],"version-history":[{"count":0,"href":"https:\/\/bolori.es\/en\/wp-json\/wp\/v2\/product\/9597\/revisions"}],"wp:featuredmedia":[{"embeddable":true,"href":"https:\/\/bolori.es\/en\/wp-json\/wp\/v2\/media\/3179"}],"wp:attachment":[{"href":"https:\/\/bolori.es\/en\/wp-json\/wp\/v2\/media?parent=9597"}],"wp:term":[{"taxonomy":"product_brand","embeddable":true,"href":"https:\/\/bolori.es\/en\/wp-json\/wp\/v2\/product_brand?post=9597"},{"taxonomy":"product_cat","embeddable":true,"href":"https:\/\/bolori.es\/en\/wp-json\/wp\/v2\/product_cat?post=9597"},{"taxonomy":"product_tag","embeddable":true,"href":"https:\/\/bolori.es\/en\/wp-json\/wp\/v2\/product_tag?post=9597"}],"curies":[{"name":"wp","href":"https:\/\/api.w.org\/{rel}","templated":true}]}}