{"id":9598,"date":"2022-09-02T20:11:59","date_gmt":"2022-09-02T18:11:59","guid":{"rendered":"https:\/\/bolori.es\/producto\/rotary-encoder-288v232r161b2\/"},"modified":"2022-09-02T20:11:59","modified_gmt":"2022-09-02T18:11:59","slug":"rotary-encoder-288v232r161b2","status":"publish","type":"product","link":"https:\/\/bolori.es\/en\/producto\/rotary-encoder-288v232r161b2\/","title":{"rendered":"Rotary Encoder 288V232R161B2"},"content":{"rendered":"<table class=\"specs-table\">\n<tbody>\n<tr id=\"pdp_specs_SpecList[0]\">\n<td class=\"attr-col\"><label for=\"SpecList_chkbox_Manufacturer:CTS\">Manufacturer:<\/label><\/td>\n<td class=\"attr-value-col\">CTS<\/td>\n<td class=\"text-center checkbox-col hidden-xs\"><input id=\"SpecList_chkbox_Manufacturer:CTS\" class=\"find-similar\" name=\"SpecList[0].Selected\" type=\"checkbox\" value=\"true\" aria-label=\"Fabricante: CTS\" data-val=\"true\" data-val-required=\"The Selected field is required.\"><\/td>\n<\/tr>\n<tr id=\"pdp_specs_SpecList[1]\">\n<td class=\"attr-col\"><label for=\"SpecList_chkbox_Product_Class_Name:Codificadores\">Product category:<\/label><\/td>\n<td class=\"attr-value-col\">Encoders<\/td>\n<td class=\"text-center checkbox-col hidden-xs\"><input id=\"SpecList_chkbox_Product_Class_Name:Codificadores\" class=\"find-similar\" checked name=\"SpecList[1].Selected\" type=\"checkbox\" value=\"true\" aria-label=\"Categor\u00eda de producto: Codificadores\" data-val=\"true\" data-val-required=\"The Selected field is required.\"><\/td>\n<\/tr>\n<tr id=\"pdp_specs_SpecList[2]\">\n<td class=\"attr-col\">RoHS:<\/td>\n<td class=\"attr-value-col\"><i class=\"fa fa-2x fa-m-rohs rohsIconGreen\"><\/i> <a id=\"rohsCompliantPopupLink\" class=\"spec-rohs\" href=\"https:\/\/www.mouser.es\/Search\/RoHSCompliant?qs=8l7MuloVI77eFb6%252BgwhHPw%3d%3d\" target=\"_blank\" rel=\"nofollow noopener\" aria-label=\"M\u00e1s informaci\u00f3n acerca de la restricci\u00f3n del uso de sustancias peligrosas.\">Details<\/a><\/td>\n<td class=\"text-center checkbox-col hidden-xs\"><\/td>\n<\/tr>\n<tr id=\"pdp_specs_SpecList[3]\">\n<td class=\"attr-col\"><label for=\"SpecList_chkbox_Series:288\">Series:<\/label><\/td>\n<td class=\"attr-value-col\"><a id=\"lnkSpecSeries\" href=\"https:\/\/www.mouser.es\/c\/electromechanical\/encoders\/?m=CTS&amp;series=288\">288<\/a><\/td>\n<td class=\"text-center checkbox-col hidden-xs\"><input id=\"SpecList_chkbox_Series:288\" class=\"find-similar\" name=\"SpecList[3].Selected\" type=\"checkbox\" value=\"true\" aria-label=\"Serie: 288\" data-val=\"true\" data-val-required=\"The Selected field is required.\"><\/td>\n<\/tr>\n<tr id=\"pdp_specs_SpecList[4]\">\n<td class=\"attr-col\"><label for=\"SpecList_chkbox_Mounting_Style:PCB_Mount\">Mounting style:<\/label><\/td>\n<td class=\"attr-value-col\">PCB Mount<\/td>\n<td class=\"text-center checkbox-col hidden-xs\"><input id=\"SpecList_chkbox_Mounting_Style:PCB_Mount\" class=\"find-similar\" name=\"SpecList[4].Selected\" type=\"checkbox\" value=\"true\" aria-label=\"Estilo de montaje: PCB Mount\" data-val=\"true\" data-val-required=\"The Selected field is required.\"><\/td>\n<\/tr>\n<tr id=\"pdp_specs_SpecList[5]\">\n<td class=\"attr-col\"><label for=\"SpecList_chkbox_Product:Rotary_Encoders\">Product:<\/label><\/td>\n<td class=\"attr-value-col\">Rotary Encoders<\/td>\n<td class=\"text-center checkbox-col hidden-xs\"><input id=\"SpecList_chkbox_Product:Rotary_Encoders\" class=\"find-similar\" name=\"SpecList[5].Selected\" type=\"checkbox\" value=\"true\" aria-label=\"Producto: Rotary Encoders\" data-val=\"true\" data-val-required=\"The Selected field is required.\"><\/td>\n<\/tr>\n<tr id=\"pdp_specs_SpecList[6]\">\n<td class=\"attr-col\"><label for=\"SpecList_chkbox_Type:Incremental\">Type:<\/label><\/td>\n<td class=\"attr-value-col\">Incremental<\/td>\n<td class=\"text-center checkbox-col hidden-xs\"><input id=\"SpecList_chkbox_Type:Incremental\" class=\"find-similar\" name=\"SpecList[6].Selected\" type=\"checkbox\" value=\"true\" aria-label=\"Tipo: Incremental\" data-val=\"true\" data-val-required=\"The Selected field is required.\"><\/td>\n<\/tr>\n<tr id=\"pdp_specs_SpecList[7]\">\n<td class=\"attr-col\"><label for=\"SpecList_chkbox_Resolution:2_bit\">Resolution:<\/label><\/td>\n<td class=\"attr-value-col\">2 bit<\/td>\n<td class=\"text-center checkbox-col hidden-xs\"><input id=\"SpecList_chkbox_Resolution:2_bit\" class=\"find-similar\" name=\"SpecList[7].Selected\" type=\"checkbox\" value=\"true\" aria-label=\"Resoluci\u00f3n: 2 bit\" data-val=\"true\" data-val-required=\"The Selected field is required.\"><\/td>\n<\/tr>\n<tr id=\"pdp_specs_SpecList[8]\">\n<td class=\"attr-col\"><label for=\"SpecList_chkbox_Technology:Mechanical\">Technology:<\/label><\/td>\n<td class=\"attr-value-col\">Mechanical<\/td>\n<td class=\"text-center checkbox-col hidden-xs\"><input id=\"SpecList_chkbox_Technology:Mechanical\" class=\"find-similar\" name=\"SpecList[8].Selected\" type=\"checkbox\" value=\"true\" aria-label=\"Tecnolog\u00eda: Mechanical\" data-val=\"true\" data-val-required=\"The Selected field is required.\"><\/td>\n<\/tr>\n<tr id=\"pdp_specs_SpecList[9]\">\n<td class=\"attr-col\"><label for=\"SpecList_chkbox_Number_of_Detents:16_Detent\">Number of arrests:<\/label><\/td>\n<td class=\"attr-value-col\">16 Detent<\/td>\n<td class=\"text-center checkbox-col hidden-xs\"><input id=\"SpecList_chkbox_Number_of_Detents:16_Detent\" class=\"find-similar\" name=\"SpecList[9].Selected\" type=\"checkbox\" value=\"true\" aria-label=\"N\u00famero de detenciones: 16 Detent\" data-val=\"true\" data-val-required=\"The Selected field is required.\"><\/td>\n<\/tr>\n<tr id=\"pdp_specs_SpecList[10]\">\n<td class=\"attr-col\"><label for=\"SpecList_chkbox_Number_of_Channels:2_Channel\">Number of channels:<\/label><\/td>\n<td class=\"attr-value-col\">2 Channel<\/td>\n<td class=\"text-center checkbox-col hidden-xs\"><input id=\"SpecList_chkbox_Number_of_Channels:2_Channel\" class=\"find-similar\" name=\"SpecList[10].Selected\" type=\"checkbox\" value=\"true\" aria-label=\"N\u00famero de canales: 2 Channel\" data-val=\"true\" data-val-required=\"The Selected field is required.\"><\/td>\n<\/tr>\n<tr id=\"pdp_specs_SpecList[11]\">\n<td class=\"attr-col\"><label for=\"SpecList_chkbox_Termination_Style:PC_Pin\">Termination style:<\/label><\/td>\n<td class=\"attr-value-col\">PC Pin<\/td>\n<td class=\"text-center checkbox-col hidden-xs\"><input id=\"SpecList_chkbox_Termination_Style:PC_Pin\" class=\"find-similar\" name=\"SpecList[11].Selected\" type=\"checkbox\" value=\"true\" aria-label=\"Estilo de terminaci\u00f3n: PC Pin\" data-val=\"true\" data-val-required=\"The Selected field is required.\"><\/td>\n<\/tr>\n<tr id=\"pdp_specs_SpecList[12]\">\n<td class=\"attr-col\"><label for=\"SpecList_chkbox_Output_Type:Quadrature\">Output type:<\/label><\/td>\n<td class=\"attr-value-col\">Quadrature<\/td>\n<td class=\"text-center checkbox-col hidden-xs\"><input id=\"SpecList_chkbox_Output_Type:Quadrature\" class=\"find-similar\" name=\"SpecList[12].Selected\" type=\"checkbox\" value=\"true\" aria-label=\"Tipo de salida: Quadrature\" data-val=\"true\" data-val-required=\"The Selected field is required.\"><\/td>\n<\/tr>\n<tr id=\"pdp_specs_SpecList[13]\">\n<td class=\"attr-col\"><label for=\"SpecList_chkbox_Shaft_Diameter:6_mm\">Shaft diameter:<\/label><\/td>\n<td class=\"attr-value-col\">6 mm<\/td>\n<td class=\"text-center checkbox-col hidden-xs\"><input id=\"SpecList_chkbox_Shaft_Diameter:6_mm\" class=\"find-similar\" name=\"SpecList[13].Selected\" type=\"checkbox\" value=\"true\" aria-label=\"Di\u00e1metro del eje: 6 mm\" data-val=\"true\" data-val-required=\"The Selected field is required.\"><\/td>\n<\/tr>\n<tr id=\"pdp_specs_SpecList[14]\">\n<td class=\"attr-col\"><label for=\"SpecList_chkbox_Shaft_Type:Round_\/_Plain\">Shaft type:<\/label><\/td>\n<td class=\"attr-value-col\">Round \/ Plain<\/td>\n<td class=\"text-center checkbox-col hidden-xs\"><input id=\"SpecList_chkbox_Shaft_Type:Round_\/_Plain\" class=\"find-similar\" name=\"SpecList[14].Selected\" type=\"checkbox\" value=\"true\" aria-label=\"Tipo de eje: Round \/ Plain\" data-val=\"true\" data-val-required=\"The Selected field is required.\"><\/td>\n<\/tr>\n<tr id=\"pdp_specs_SpecList[15]\">\n<td class=\"attr-col\"><label for=\"SpecList_chkbox_With_Switch:Push\/Pull_Switch\">With switch:<\/label><\/td>\n<td class=\"attr-value-col\">Push\/Pull Switch<\/td>\n<td class=\"text-center checkbox-col hidden-xs\"><input id=\"SpecList_chkbox_With_Switch:Push\/Pull_Switch\" class=\"find-similar\" name=\"SpecList[15].Selected\" type=\"checkbox\" value=\"true\" aria-label=\"Con conmutador: Push\/Pull Switch\" data-val=\"true\" data-val-required=\"The Selected field is required.\"><\/td>\n<\/tr>\n<tr id=\"pdp_specs_SpecList[16]\">\n<td class=\"attr-col\"><label for=\"SpecList_chkbox_Operating_Supply_Voltage:5_VDC\">Supply operating voltage:<\/label><\/td>\n<td class=\"attr-value-col\">5 VDC<\/td>\n<td class=\"text-center checkbox-col hidden-xs\"><input id=\"SpecList_chkbox_Operating_Supply_Voltage:5_VDC\" class=\"find-similar\" name=\"SpecList[16].Selected\" type=\"checkbox\" value=\"true\" aria-label=\"Voltaje operativo de suministro: 5 VDC\" data-val=\"true\" data-val-required=\"The Selected field is required.\"><\/td>\n<\/tr>\n<tr id=\"pdp_specs_SpecList[17]\">\n<td class=\"attr-col\"><label for=\"SpecList_chkbox_Life:50000_Cycles\">Life:<\/label><\/td>\n<td class=\"attr-value-col\">50000 Cycles<\/td>\n<td class=\"text-center checkbox-col hidden-xs\"><input id=\"SpecList_chkbox_Life:50000_Cycles\" class=\"find-similar\" name=\"SpecList[17].Selected\" type=\"checkbox\" value=\"true\" aria-label=\"Vida: 50000 Cycles\" data-val=\"true\" data-val-required=\"The Selected field is required.\"><\/td>\n<\/tr>\n<tr id=\"pdp_specs_SpecList[18]\">\n<td class=\"attr-col\"><label for=\"SpecList_chkbox_Packaging:Bulk\">Packaging:<\/label><\/td>\n<td class=\"attr-value-col\">Bulk<\/td>\n<td class=\"text-center checkbox-col hidden-xs\"><input id=\"SpecList_chkbox_Packaging:Bulk\" class=\"find-similar\" name=\"SpecList[18].Selected\" type=\"checkbox\" value=\"true\" aria-label=\"Empaquetado: Bulk\" data-val=\"true\" data-val-required=\"The Selected field is required.\"><\/td>\n<\/tr>\n<tr id=\"pdp_specs_SpecList[19]\">\n<td class=\"attr-col\">Brand:<\/td>\n<td class=\"attr-value-col\">CTS Electronic Components<\/td>\n<td class=\"text-center checkbox-col hidden-xs\"><\/td>\n<\/tr>\n<tr id=\"pdp_specs_SpecList[20]\">\n<td class=\"attr-col\">Sleeve thread:<\/td>\n<td class=\"attr-value-col\">3\/8-32 UNEF-2A<\/td>\n<td class=\"text-center checkbox-col hidden-xs\"><\/td>\n<\/tr>\n<tr id=\"pdp_specs_SpecList[21]\">\n<td class=\"attr-col\">Maximum operating temperature:<\/td>\n<td class=\"attr-value-col\">+ 100 C<\/td>\n<td class=\"text-center checkbox-col hidden-xs\"><\/td>\n<\/tr>\n<tr id=\"pdp_specs_SpecList[22]\">\n<td class=\"attr-col\">Minimum operating temperature:<\/td>\n<td class=\"attr-value-col\">&#8211; 25 C<\/td>\n<td class=\"text-center checkbox-col hidden-xs\"><\/td>\n<\/tr>\n<tr id=\"pdp_specs_SpecList[23]\">\n<td class=\"attr-col\">Product type:<\/td>\n<td class=\"attr-value-col\">Encoders<\/td>\n<td class=\"text-center checkbox-col hidden-xs\"><\/td>\n<\/tr>\n<tr id=\"pdp_specs_SpecList[24]\">\n<td class=\"attr-col\">Shaft length:<\/td>\n<td class=\"attr-value-col\">25.4 mm<\/td>\n<td class=\"text-center checkbox-col hidden-xs\"><\/td>\n<\/tr>\n<tr id=\"pdp_specs_SpecList[25]\">\n<td class=\"attr-col\"><button id=\"factoryPackQtyPopupLink\" class=\"hidden-for-nojs btn btn-link factoryPackQtyButton\" type=\"button\" data-toggle=\"modal\" data-target=\"#factoryPackQtyModal\" aria-label=\"Cantidad del paquete de f\u00e1brica\">Factory pack quantity:<\/button><\/td>\n<td class=\"attr-value-col\">200<\/td>\n<td class=\"text-center checkbox-col hidden-xs\"><\/td>\n<\/tr>\n<tr id=\"pdp_specs_SpecList[26]\">\n<td class=\"attr-col\">Subcategory:<\/td>\n<td class=\"attr-value-col\">Encoders<\/td>\n<td class=\"text-center checkbox-col hidden-xs\"><\/td>\n<\/tr>\n<tr id=\"pdp_specs_SpecList[27]\">\n<td class=\"attr-col\">Unit weight:<\/td>\n<td class=\"attr-value-col\">20,001 g<\/td>\n<\/tr>\n<\/tbody>\n<\/table>\n","protected":false},"excerpt":{"rendered":"<p>Manufacturer: CTS Product category: Encoders RoHS: Details Series: 288 Mounting style: PCB Mount Product: Rotary Encoders Type: Incremental Resolution: 2 bit Technology: Mechanical Number of arrests: 16 Detent Number of channels: 2 Channel Termination style: PC Pin Output type: Quadrature Shaft diameter: 6 mm Shaft type: Round \/ Plain With switch: Push\/Pull Switch Supply operating [&hellip;]<\/p>\n","protected":false},"featured_media":3187,"comment_status":"closed","ping_status":"closed","template":"","meta":[],"product_brand":[],"product_cat":[46],"product_tag":[],"class_list":{"0":"post-9598","1":"product","2":"type-product","3":"status-publish","4":"has-post-thumbnail","6":"product_cat-accessories","8":"first","9":"instock","10":"sale","11":"taxable","12":"shipping-taxable","13":"purchasable","14":"product-type-simple"},"yoast_head":"<!-- This site is optimized with the Yoast SEO Premium plugin v26.6 (Yoast SEO v27.3) - https:\/\/yoast.com\/product\/yoast-seo-premium-wordpress\/ -->\n<title>Rotary Encoder 288V232R161B2 - BOLORI - SIMAGIC<\/title>\n<meta name=\"robots\" content=\"index, follow, max-snippet:-1, max-image-preview:large, max-video-preview:-1\" \/>\n<link rel=\"canonical\" href=\"https:\/\/bolori.es\/en\/producto\/rotary-encoder-288v232r161b2\/\" \/>\n<meta property=\"og:locale\" content=\"en_US\" \/>\n<meta property=\"og:type\" content=\"article\" \/>\n<meta property=\"og:title\" content=\"Rotary Encoder 288V232R161B2\" \/>\n<meta property=\"og:description\" content=\"Manufacturer: CTS Product category: Encoders RoHS: Details Series: 288 Mounting style: PCB Mount Product: Rotary Encoders Type: Incremental Resolution: 2 bit Technology: Mechanical Number of arrests: 16 Detent Number of channels: 2 Channel Termination style: PC Pin Output type: Quadrature Shaft diameter: 6 mm Shaft type: Round \/ Plain With switch: Push\/Pull Switch Supply operating [&hellip;]\" \/>\n<meta property=\"og:url\" content=\"https:\/\/bolori.es\/en\/producto\/rotary-encoder-288v232r161b2\/\" \/>\n<meta property=\"og:site_name\" content=\"BOLORI - SIMAGIC\" \/>\n<meta property=\"article:publisher\" content=\"https:\/\/www.facebook.com\/bolori\" \/>\n<meta property=\"og:image\" content=\"https:\/\/bolori.es\/wp-content\/uploads\/2022\/09\/288.png\" \/>\n\t<meta property=\"og:image:width\" content=\"707\" \/>\n\t<meta property=\"og:image:height\" content=\"620\" \/>\n\t<meta property=\"og:image:type\" content=\"image\/png\" \/>\n<meta name=\"twitter:card\" content=\"summary_large_image\" \/>\n<meta name=\"twitter:site\" content=\"@bolori\" \/>\n<meta name=\"twitter:label1\" content=\"Price\" \/>\n\t<meta name=\"twitter:data1\" content=\"4.00&euro;\" \/>\n\t<meta name=\"twitter:label2\" content=\"Availability\" \/>\n\t<meta name=\"twitter:data2\" content=\"In stock\" \/>\n<script type=\"application\/ld+json\" class=\"yoast-schema-graph\">{\"@context\":\"https:\\\/\\\/schema.org\",\"@graph\":[{\"@type\":\"WebPage\",\"@id\":\"https:\\\/\\\/bolori.es\\\/en\\\/producto\\\/rotary-encoder-288v232r161b2\\\/\",\"url\":\"https:\\\/\\\/bolori.es\\\/en\\\/producto\\\/rotary-encoder-288v232r161b2\\\/\",\"name\":\"Rotary Encoder 288V232R161B2 - BOLORI - SIMAGIC\",\"isPartOf\":{\"@id\":\"https:\\\/\\\/bolori.es\\\/en\\\/#website\"},\"primaryImageOfPage\":{\"@id\":\"https:\\\/\\\/bolori.es\\\/en\\\/producto\\\/rotary-encoder-288v232r161b2\\\/#primaryimage\"},\"image\":{\"@id\":\"https:\\\/\\\/bolori.es\\\/en\\\/producto\\\/rotary-encoder-288v232r161b2\\\/#primaryimage\"},\"thumbnailUrl\":\"https:\\\/\\\/bolori.es\\\/wp-content\\\/uploads\\\/2022\\\/09\\\/288.png\",\"datePublished\":\"2022-09-02T18:11:59+00:00\",\"breadcrumb\":{\"@id\":\"https:\\\/\\\/bolori.es\\\/en\\\/producto\\\/rotary-encoder-288v232r161b2\\\/#breadcrumb\"},\"inLanguage\":\"en-US\",\"potentialAction\":[{\"@type\":\"ReadAction\",\"target\":[\"https:\\\/\\\/bolori.es\\\/en\\\/producto\\\/rotary-encoder-288v232r161b2\\\/\"]}]},{\"@type\":\"ImageObject\",\"inLanguage\":\"en-US\",\"@id\":\"https:\\\/\\\/bolori.es\\\/en\\\/producto\\\/rotary-encoder-288v232r161b2\\\/#primaryimage\",\"url\":\"https:\\\/\\\/bolori.es\\\/wp-content\\\/uploads\\\/2022\\\/09\\\/288.png\",\"contentUrl\":\"https:\\\/\\\/bolori.es\\\/wp-content\\\/uploads\\\/2022\\\/09\\\/288.png\",\"width\":707,\"height\":620,\"caption\":\"CSV 288V232R161B2\"},{\"@type\":\"BreadcrumbList\",\"@id\":\"https:\\\/\\\/bolori.es\\\/en\\\/producto\\\/rotary-encoder-288v232r161b2\\\/#breadcrumb\",\"itemListElement\":[{\"@type\":\"ListItem\",\"position\":1,\"name\":\"Inicio\",\"item\":\"https:\\\/\\\/bolori.es\\\/en\\\/\"},{\"@type\":\"ListItem\",\"position\":2,\"name\":\"Shop\",\"item\":\"https:\\\/\\\/bolori.es\\\/en\\\/shop\\\/\"},{\"@type\":\"ListItem\",\"position\":3,\"name\":\"Accessories\",\"item\":\"https:\\\/\\\/bolori.es\\\/en\\\/categoria-producto\\\/accessories\\\/\"},{\"@type\":\"ListItem\",\"position\":4,\"name\":\"Rotary Encoder 288V232R161B2\"}]},{\"@type\":\"WebSite\",\"@id\":\"https:\\\/\\\/bolori.es\\\/en\\\/#website\",\"url\":\"https:\\\/\\\/bolori.es\\\/en\\\/\",\"name\":\"BOLORI - SIMAGIC - Tienda Simracing\",\"description\":\"DISTRIBUIDOR OFICIAL SIMAGIC Y SIMNET EN EUROPA\",\"publisher\":{\"@id\":\"https:\\\/\\\/bolori.es\\\/en\\\/#organization\"},\"potentialAction\":[{\"@type\":\"SearchAction\",\"target\":{\"@type\":\"EntryPoint\",\"urlTemplate\":\"https:\\\/\\\/bolori.es\\\/en\\\/?s={search_term_string}\"},\"query-input\":{\"@type\":\"PropertyValueSpecification\",\"valueRequired\":true,\"valueName\":\"search_term_string\"}}],\"inLanguage\":\"en-US\"},{\"@type\":\"Organization\",\"@id\":\"https:\\\/\\\/bolori.es\\\/en\\\/#organization\",\"name\":\"BOLORI\",\"url\":\"https:\\\/\\\/bolori.es\\\/en\\\/\",\"logo\":{\"@type\":\"ImageObject\",\"inLanguage\":\"en-US\",\"@id\":\"https:\\\/\\\/bolori.es\\\/en\\\/#\\\/schema\\\/logo\\\/image\\\/\",\"url\":\"https:\\\/\\\/bolori.es\\\/wp-content\\\/uploads\\\/2021\\\/07\\\/favicon.png\",\"contentUrl\":\"https:\\\/\\\/bolori.es\\\/wp-content\\\/uploads\\\/2021\\\/07\\\/favicon.png\",\"width\":512,\"height\":512,\"caption\":\"BOLORI\"},\"image\":{\"@id\":\"https:\\\/\\\/bolori.es\\\/en\\\/#\\\/schema\\\/logo\\\/image\\\/\"},\"sameAs\":[\"https:\\\/\\\/www.facebook.com\\\/bolori\",\"https:\\\/\\\/x.com\\\/bolori\",\"https:\\\/\\\/www.instagram.com\\\/bolori\\\/\"]}]}<\/script>\n<meta property=\"product:price:amount\" content=\"4.00\" \/>\n<meta property=\"product:price:currency\" content=\"EUR\" \/>\n<meta property=\"og:availability\" content=\"instock\" \/>\n<meta property=\"product:availability\" content=\"instock\" \/>\n<meta property=\"product:condition\" content=\"new\" \/>\n<!-- \/ Yoast SEO Premium plugin. -->","yoast_head_json":{"title":"Rotary Encoder 288V232R161B2 - BOLORI - SIMAGIC","robots":{"index":"index","follow":"follow","max-snippet":"max-snippet:-1","max-image-preview":"max-image-preview:large","max-video-preview":"max-video-preview:-1"},"canonical":"https:\/\/bolori.es\/en\/producto\/rotary-encoder-288v232r161b2\/","og_locale":"en_US","og_type":"article","og_title":"Rotary Encoder 288V232R161B2","og_description":"Manufacturer: CTS Product category: Encoders RoHS: Details Series: 288 Mounting style: PCB Mount Product: Rotary Encoders Type: Incremental Resolution: 2 bit Technology: Mechanical Number of arrests: 16 Detent Number of channels: 2 Channel Termination style: PC Pin Output type: Quadrature Shaft diameter: 6 mm Shaft type: Round \/ Plain With switch: Push\/Pull Switch Supply operating [&hellip;]","og_url":"https:\/\/bolori.es\/en\/producto\/rotary-encoder-288v232r161b2\/","og_site_name":"BOLORI - SIMAGIC","article_publisher":"https:\/\/www.facebook.com\/bolori","og_image":[{"width":707,"height":620,"url":"https:\/\/bolori.es\/wp-content\/uploads\/2022\/09\/288.png","type":"image\/png"}],"twitter_card":"summary_large_image","twitter_site":"@bolori","twitter_misc":{"Price":"4.00&euro;","Availability":"In stock"},"schema":{"@context":"https:\/\/schema.org","@graph":[{"@type":"WebPage","@id":"https:\/\/bolori.es\/en\/producto\/rotary-encoder-288v232r161b2\/","url":"https:\/\/bolori.es\/en\/producto\/rotary-encoder-288v232r161b2\/","name":"Rotary Encoder 288V232R161B2 - BOLORI - SIMAGIC","isPartOf":{"@id":"https:\/\/bolori.es\/en\/#website"},"primaryImageOfPage":{"@id":"https:\/\/bolori.es\/en\/producto\/rotary-encoder-288v232r161b2\/#primaryimage"},"image":{"@id":"https:\/\/bolori.es\/en\/producto\/rotary-encoder-288v232r161b2\/#primaryimage"},"thumbnailUrl":"https:\/\/bolori.es\/wp-content\/uploads\/2022\/09\/288.png","datePublished":"2022-09-02T18:11:59+00:00","breadcrumb":{"@id":"https:\/\/bolori.es\/en\/producto\/rotary-encoder-288v232r161b2\/#breadcrumb"},"inLanguage":"en-US","potentialAction":[{"@type":"ReadAction","target":["https:\/\/bolori.es\/en\/producto\/rotary-encoder-288v232r161b2\/"]}]},{"@type":"ImageObject","inLanguage":"en-US","@id":"https:\/\/bolori.es\/en\/producto\/rotary-encoder-288v232r161b2\/#primaryimage","url":"https:\/\/bolori.es\/wp-content\/uploads\/2022\/09\/288.png","contentUrl":"https:\/\/bolori.es\/wp-content\/uploads\/2022\/09\/288.png","width":707,"height":620,"caption":"CSV 288V232R161B2"},{"@type":"BreadcrumbList","@id":"https:\/\/bolori.es\/en\/producto\/rotary-encoder-288v232r161b2\/#breadcrumb","itemListElement":[{"@type":"ListItem","position":1,"name":"Inicio","item":"https:\/\/bolori.es\/en\/"},{"@type":"ListItem","position":2,"name":"Shop","item":"https:\/\/bolori.es\/en\/shop\/"},{"@type":"ListItem","position":3,"name":"Accessories","item":"https:\/\/bolori.es\/en\/categoria-producto\/accessories\/"},{"@type":"ListItem","position":4,"name":"Rotary Encoder 288V232R161B2"}]},{"@type":"WebSite","@id":"https:\/\/bolori.es\/en\/#website","url":"https:\/\/bolori.es\/en\/","name":"BOLORI - SIMAGIC - Tienda Simracing","description":"DISTRIBUIDOR OFICIAL SIMAGIC Y SIMNET EN EUROPA","publisher":{"@id":"https:\/\/bolori.es\/en\/#organization"},"potentialAction":[{"@type":"SearchAction","target":{"@type":"EntryPoint","urlTemplate":"https:\/\/bolori.es\/en\/?s={search_term_string}"},"query-input":{"@type":"PropertyValueSpecification","valueRequired":true,"valueName":"search_term_string"}}],"inLanguage":"en-US"},{"@type":"Organization","@id":"https:\/\/bolori.es\/en\/#organization","name":"BOLORI","url":"https:\/\/bolori.es\/en\/","logo":{"@type":"ImageObject","inLanguage":"en-US","@id":"https:\/\/bolori.es\/en\/#\/schema\/logo\/image\/","url":"https:\/\/bolori.es\/wp-content\/uploads\/2021\/07\/favicon.png","contentUrl":"https:\/\/bolori.es\/wp-content\/uploads\/2021\/07\/favicon.png","width":512,"height":512,"caption":"BOLORI"},"image":{"@id":"https:\/\/bolori.es\/en\/#\/schema\/logo\/image\/"},"sameAs":["https:\/\/www.facebook.com\/bolori","https:\/\/x.com\/bolori","https:\/\/www.instagram.com\/bolori\/"]}]},"product_price_amount":"4.00","product_price_currency":"EUR","og_availability":"instock","product_availability":"instock","product_condition":"new"},"_links":{"self":[{"href":"https:\/\/bolori.es\/en\/wp-json\/wp\/v2\/product\/9598","targetHints":{"allow":["GET"]}}],"collection":[{"href":"https:\/\/bolori.es\/en\/wp-json\/wp\/v2\/product"}],"about":[{"href":"https:\/\/bolori.es\/en\/wp-json\/wp\/v2\/types\/product"}],"replies":[{"embeddable":true,"href":"https:\/\/bolori.es\/en\/wp-json\/wp\/v2\/comments?post=9598"}],"version-history":[{"count":0,"href":"https:\/\/bolori.es\/en\/wp-json\/wp\/v2\/product\/9598\/revisions"}],"wp:featuredmedia":[{"embeddable":true,"href":"https:\/\/bolori.es\/en\/wp-json\/wp\/v2\/media\/3187"}],"wp:attachment":[{"href":"https:\/\/bolori.es\/en\/wp-json\/wp\/v2\/media?parent=9598"}],"wp:term":[{"taxonomy":"product_brand","embeddable":true,"href":"https:\/\/bolori.es\/en\/wp-json\/wp\/v2\/product_brand?post=9598"},{"taxonomy":"product_cat","embeddable":true,"href":"https:\/\/bolori.es\/en\/wp-json\/wp\/v2\/product_cat?post=9598"},{"taxonomy":"product_tag","embeddable":true,"href":"https:\/\/bolori.es\/en\/wp-json\/wp\/v2\/product_tag?post=9598"}],"curies":[{"name":"wp","href":"https:\/\/api.w.org\/{rel}","templated":true}]}}